{"id":552,"date":"2018-03-12T11:56:00","date_gmt":"2018-03-12T11:56:00","guid":{"rendered":"http:\/\/lbk.fe.uni-lj.si\/ic\/?page_id=552"},"modified":"2022-04-11T12:05:21","modified_gmt":"2022-04-11T12:05:21","slug":"prototipni-elektroporatorji","status":"publish","type":"page","link":"https:\/\/lbk.fe.uni-lj.si\/ic\/sl\/oprema\/prototipni-elektroporatorji","title":{"rendered":"Prototipni elektroporatorji"},"content":{"rendered":"<div class=\"fusion-fullwidth fullwidth-box fusion-builder-row-1 nonhundred-percent-fullwidth non-hundred-percent-height-scrolling\" style=\"background-color: rgba(255,255,255,0);background-position: center center;background-repeat: no-repeat;padding-top:0px;padding-right:0px;padding-bottom:0px;padding-left:0px;margin-bottom: 0px;margin-top: 0px;border-width: 0px 0px 0px 0px;border-color:#eae9e9;border-style:solid;\" ><div class=\"fusion-builder-row fusion-row\"><div class=\"fusion-layout-column fusion_builder_column fusion-builder-column-0 fusion_builder_column_1_1 1_1 fusion-one-full fusion-column-first fusion-column-last\" style=\"margin-top:0px;margin-bottom:20px;\"><div class=\"fusion-column-wrapper fusion-flex-column-wrapper-legacy\" style=\"background-position:left top;background-repeat:no-repeat;-webkit-background-size:cover;-moz-background-size:cover;-o-background-size:cover;background-size:cover;padding: 0px 0px 0px 0px;\"><div class=\"fusion-text fusion-text-1\"><h2>V naslednjih dneh\/tednih bomo dodali opise in povezave do navodil za vse posamezne prototipne elektroporatorje. Prosimo obi\u0161\u010dite stran ponovno \u010dez nekaj dni za ve\u010d informacij.<\/h2>\n<\/div><style type=\"text\/css\">.fusion-gallery-1 .fusion-gallery-image {border:0px solid #e2e2e2;}<\/style><div class=\"fusion-gallery fusion-gallery-container fusion-grid-1 fusion-columns-total-1 fusion-gallery-layout-grid fusion-gallery-1\" style=\"margin:-5px;\"><div style=\"padding:5px;\" class=\"fusion-grid-column fusion-gallery-column fusion-gallery-column-1 hover-type-none\"><div class=\"fusion-gallery-image\"><img src=\"https:\/\/lbk.fe.uni-lj.si\/ic\/wp-content\/uploads\/2018\/03\/OK4A8637.jpg\" width=\"1920\" height=\"680\" alt=\"\" title=\"OK4A8637\" aria-label=\"OK4A8637\" class=\"img-responsive wp-image-485\" \/><\/div><\/div><div class=\"clearfix\"><\/div><\/div><style type=\"text\/css\"><\/style><div class=\"fusion-title title fusion-title-1 fusion-title-text fusion-title-size-one\" style=\"margin-top:50px;margin-right:0px;margin-bottom:31px;margin-left:0px;\"><h1 class=\"title-heading-left\" style=\"margin:0;\">Preglednica parametrov<\/h1><div class=\"title-sep-container\"><div class=\"title-sep sep-double sep-solid\" style=\"border-color:#e0dede;\"><\/div><\/div><\/div><div class=\"fusion-text fusion-text-2\"><a href=\"https:\/\/lbk.fe.uni-lj.si\/ic\/wp-content\/uploads\/2022\/04\/Prototipni-Electroporatorji-Tabela-PDF.pdf\" class=\"pdfemb-viewer\" style=\"\" data-width=\"max\" data-height=\"max\"  data-toolbar=\"bottom\" data-toolbar-fixed=\"off\">Prototipni-Electroporatorji-Tabela-PDF<br\/><\/a>\n<\/div><div class=\"fusion-button-wrapper\"><style type=\"text\/css\">.fusion-button.button-1 {border-radius:2px;}<\/style><a class=\"fusion-button button-flat fusion-button-default-size button-default button-1 fusion-button-default-span fusion-button-default-type\" target=\"_self\" href=\"https:\/\/lbk.fe.uni-lj.si\/ic\/wp-content\/uploads\/2022\/04\/Prototipni-Electroporatorji-Tabela-PDF.pdf\"><span class=\"fusion-button-text\">Prenos preglednice<\/span><\/a><\/div><div class=\"fusion-clearfix\"><\/div><\/div><\/div><\/div><\/div>\n","protected":false},"excerpt":{"rendered":"","protected":false},"author":1,"featured_media":0,"parent":540,"menu_order":0,"comment_status":"closed","ping_status":"closed","template":"","meta":[],"acf":[],"_links":{"self":[{"href":"https:\/\/lbk.fe.uni-lj.si\/ic\/wp-json\/wp\/v2\/pages\/552"}],"collection":[{"href":"https:\/\/lbk.fe.uni-lj.si\/ic\/wp-json\/wp\/v2\/pages"}],"about":[{"href":"https:\/\/lbk.fe.uni-lj.si\/ic\/wp-json\/wp\/v2\/types\/page"}],"author":[{"embeddable":true,"href":"https:\/\/lbk.fe.uni-lj.si\/ic\/wp-json\/wp\/v2\/users\/1"}],"replies":[{"embeddable":true,"href":"https:\/\/lbk.fe.uni-lj.si\/ic\/wp-json\/wp\/v2\/comments?post=552"}],"version-history":[{"count":3,"href":"https:\/\/lbk.fe.uni-lj.si\/ic\/wp-json\/wp\/v2\/pages\/552\/revisions"}],"predecessor-version":[{"id":724,"href":"https:\/\/lbk.fe.uni-lj.si\/ic\/wp-json\/wp\/v2\/pages\/552\/revisions\/724"}],"up":[{"embeddable":true,"href":"https:\/\/lbk.fe.uni-lj.si\/ic\/wp-json\/wp\/v2\/pages\/540"}],"wp:attachment":[{"href":"https:\/\/lbk.fe.uni-lj.si\/ic\/wp-json\/wp\/v2\/media?parent=552"}],"curies":[{"name":"wp","href":"https:\/\/api.w.org\/{rel}","templated":true}]}}