{"id":49,"date":"2017-08-29T12:12:22","date_gmt":"2017-08-29T12:12:22","guid":{"rendered":"http:\/\/lbk.fe.uni-lj.si\/ic\/?page_id=49"},"modified":"2022-04-11T11:50:49","modified_gmt":"2022-04-11T11:50:49","slug":"predstavitev","status":"publish","type":"page","link":"https:\/\/lbk.fe.uni-lj.si\/ic\/sl\/","title":{"rendered":"Predstavitev"},"content":{"rendered":"<p><div class=\"fusion-fullwidth fullwidth-box fusion-builder-row-1 nonhundred-percent-fullwidth non-hundred-percent-height-scrolling\" style=\"background-color: rgba(255,255,255,0);background-position: center center;background-repeat: no-repeat;padding-top:0px;padding-right:0px;padding-bottom:0px;padding-left:0px;margin-bottom: 30px;margin-top: 0px;border-width: 0px 0px 0px 0px;border-color:#eae9e9;border-style:solid;\" ><div class=\"fusion-builder-row fusion-row\"><div class=\"fusion-layout-column fusion_builder_column fusion-builder-column-0 fusion_builder_column_1_1 1_1 fusion-one-full fusion-column-first fusion-column-last\" style=\"margin-top:0px;margin-bottom:20px;\"><div class=\"fusion-column-wrapper fusion-flex-column-wrapper-legacy\" style=\"background-position:left top;background-repeat:no-repeat;-webkit-background-size:cover;-moz-background-size:cover;-o-background-size:cover;background-size:cover;padding: 0px 0px 0px 0px;\"><div class=\"fusion-text fusion-text-1\"><h1 style=\"margin-bottom: 0px;\" align=\"center\">Infrastrukturni center Celi\u010dna elektrotehnika<\/h1>\n<h2 align=\"center\">(del <a href=\"https:\/\/www.uni-lj.si\/raziskovalno_in_razvojno_delo\/raziskovalna_infrastruktura\/mreza_raziskovalnih_infrastrukturnih_centrov\/\">Mre\u017ee raziskovalnih infrastrukturnih centrov Univerze v Ljubljani<\/a>)<\/h2>\n<\/div><div class=\"fusion-text fusion-text-2\"><h2>Osnovni namen infrastrukturnega centra je preu\u010devanje interakcij elektromagnetnih polj z \u017eivimi organizmi.<\/h2>\n<h3>Glavna podro\u010dja raziskav, ki jih infrastrukturni center omogo\u010da, so:<\/h3>\n<\/div><div class=\"fusion-content-boxes content-boxes columns row fusion-columns-3 fusion-columns-total-3 fusion-content-boxes-1 content-boxes-icon-with-title content-left\" data-animationOffset=\"100%\" style=\"margin-top:0px;margin-bottom:10px;\"><style type=\"text\/css\">.fusion-content-boxes-1 .heading .content-box-heading {color:#333333;}\n\t\t\t\t\t.fusion-content-boxes-1 .fusion-content-box-hover .link-area-link-icon-hover .heading .content-box-heading,\n\t\t\t\t\t.fusion-content-boxes-1 .fusion-content-box-hover .link-area-link-icon-hover .heading .heading-link .content-box-heading,\n\t\t\t\t\t.fusion-content-boxes-1 .fusion-content-box-hover .link-area-box-hover .heading .content-box-heading,\n\t\t\t\t\t.fusion-content-boxes-1 .fusion-content-box-hover .link-area-box-hover .heading .heading-link .content-box-heading,\n\t\t\t\t\t.fusion-content-boxes-1 .fusion-content-box-hover .link-area-link-icon-hover.link-area-box .fusion-read-more,\n\t\t\t\t\t.fusion-content-boxes-1 .fusion-content-box-hover .link-area-link-icon-hover.link-area-box .fusion-read-more::after,\n\t\t\t\t\t.fusion-content-boxes-1 .fusion-content-box-hover .link-area-link-icon-hover.link-area-box .fusion-read-more::before,\n\t\t\t\t\t.fusion-content-boxes-1 .fusion-content-box-hover .fusion-read-more:hover:after,\n\t\t\t\t\t.fusion-content-boxes-1 .fusion-content-box-hover .fusion-read-more:hover:before,\n\t\t\t\t\t.fusion-content-boxes-1 .fusion-content-box-hover .fusion-read-more:hover,\n\t\t\t\t\t.fusion-content-boxes-1 .fusion-content-box-hover .link-area-box-hover.link-area-box .fusion-read-more,\n\t\t\t\t\t.fusion-content-boxes-1 .fusion-content-box-hover .link-area-box-hover.link-area-box .fusion-read-more::after,\n\t\t\t\t\t.fusion-content-boxes-1 .fusion-content-box-hover .link-area-box-hover.link-area-box .fusion-read-more::before,\n\t\t\t\t\t.fusion-content-boxes-1 .fusion-content-box-hover .link-area-link-icon-hover .icon .circle-no,\n\t\t\t\t\t.fusion-content-boxes-1 .heading .heading-link:hover .content-box-heading {\n\t\t\t\t\t\tcolor: #a0ce4e;\n\t\t\t\t\t}\n\t\t\t\t\t.fusion-content-boxes-1 .fusion-content-box-hover .link-area-box-hover .icon .circle-no {\n\t\t\t\t\t\tcolor: #a0ce4e !important;\n\t\t\t\t\t}.fusion-content-boxes-1 .fusion-content-box-hover .link-area-box.link-area-box-hover .fusion-content-box-button {background: #96c346;color: #ffffff;}.fusion-content-boxes-1 .fusion-content-box-hover .link-area-box.link-area-box-hover .fusion-content-box-button .fusion-button-text {color: #ffffff;}\n\t\t\t\t\t.fusion-content-boxes-1 .fusion-content-box-hover .link-area-link-icon-hover .heading .icon > span {\n\t\t\t\t\t\tbackground-color: #a0ce4e !important;\n\t\t\t\t\t}\n\t\t\t\t\t.fusion-content-boxes-1 .fusion-content-box-hover .link-area-box-hover .heading .icon > span {\n\t\t\t\t\t\tborder-color: #a0ce4e !important;\n\t\t\t\t\t}<\/style><div class=\"fusion-column content-box-column content-box-column content-box-column-1 col-lg-4 col-md-4 col-sm-4 fusion-content-box-hover content-box-column-first-in-row\"><div class=\"col content-box-wrapper content-wrapper-background link-area-link-icon icon-hover-animation-fade\" style=\"background-color:#fafafa;\" data-animationOffset=\"100%\"><div class=\"heading icon-left\"><h2 class=\"content-box-heading\" style=\"font-size:18px;line-height:23px;\">I<\/h2><\/div><div class=\"fusion-clearfix\"><\/div><div class=\"content-container\" style=\"color:#747474;\">\n<h3>celi\u010dna in tkivna elektroporacija ter njena uporaba v elektrokemoterapiji tumorjev in genski elektrotransfekciji<\/h3>\n<\/div><\/div><\/div><div class=\"fusion-column content-box-column content-box-column content-box-column-2 col-lg-4 col-md-4 col-sm-4 fusion-content-box-hover \"><div class=\"col content-box-wrapper content-wrapper-background link-area-link-icon icon-hover-animation-fade\" style=\"background-color:#fafafa;\" data-animationOffset=\"100%\"><div class=\"heading icon-left\"><h2 class=\"content-box-heading\" style=\"font-size:18px;line-height:23px;\">II<\/h2><\/div><div class=\"fusion-clearfix\"><\/div><div class=\"content-container\" style=\"color:#747474;\">\n<h3>razvoj elektri\u010dnih naprav in elektrod za raziskovalno in klini\u010dno delo na teh podro\u010djih<\/h3>\n<\/div><\/div><\/div><div class=\"fusion-column content-box-column content-box-column content-box-column-3 col-lg-4 col-md-4 col-sm-4 fusion-content-box-hover content-box-column-last content-box-column-last-in-row\"><div class=\"col content-box-wrapper content-wrapper-background link-area-link-icon icon-hover-animation-fade\" style=\"background-color:#fafafa;\" data-animationOffset=\"100%\"><div class=\"heading icon-left\"><h2 class=\"content-box-heading\" style=\"font-size:18px;line-height:23px;\">III<\/h2><\/div><div class=\"fusion-clearfix\"><\/div><div class=\"content-container\" style=\"color:#747474;\">\n<h3>razvoj mikroelektrod, mikrokomor in mikrostruktur, ki omogo\u010dajo dovajanje elektri\u010dnih pulzov in spremljanje njihovih u\u010dinkov na nivoju lipidnih dvoslojev, lipidnih veziklov, celic in mikroorganizmov<\/h3>\n<\/div><\/div><\/div><style type=\"text\/css\">\n\t\t\t\t\t\t.fusion-content-boxes-1 .fusion-content-box-hover .heading-link:hover .icon i.circle-yes,\n\t\t\t\t\t\t.fusion-content-boxes-1 .fusion-content-box-hover .link-area-box:hover .heading-link .icon i.circle-yes,\n\t\t\t\t\t\t.fusion-content-boxes-1 .fusion-content-box-hover .link-area-link-icon-hover .heading .icon i.circle-yes,\n\t\t\t\t\t\t.fusion-content-boxes-1 .fusion-content-box-hover .link-area-box-hover .heading .icon i.circle-yes {\n\t\t\t\t\t\t\tbackground-color: #a0ce4e !important;\n\t\t\t\t\t\t\tborder-color: #a0ce4e !important;\n\t\t\t\t\t\t}<\/style><div class=\"fusion-clearfix\"><\/div><\/div><div class=\"fusion-text fusion-text-3\"><h3>Glavna dela infrastrukturnega centra, ki omogo\u010data izvajanje na\u0161tetih raziskav in se medsebojno dopolnjujeta, sta Enota za razvoj generatorjev elektri\u010dnih pulzov in Enota za lipidne dvosloje, biolo\u0161ke in mikrobiolo\u0161ke raziskave. Oba delujeta pod okriljem <a href=\"http:\/\/lbk.fe.uni-lj.si\">Laboratorija za biokibernetiko na Fakulteti za elektrotehniko Univerze v Ljubljani<\/a>.<\/h3>\n<\/div><div class=\"fusion-image-carousel fusion-image-carousel-auto fusion-carousel-border\"><div class=\"fusion-carousel\" data-autoplay=\"yes\" data-columns=\"3\" data-itemmargin=\"10\" data-itemwidth=\"180\" data-touchscroll=\"yes\" data-imagesize=\"auto\" data-scrollitems=\"1\"><div class=\"fusion-carousel-positioner\"><ul class=\"fusion-carousel-holder\"><li class=\"fusion-carousel-item\"><div class=\"fusion-carousel-item-wrapper\"><div class=\"fusion-image-wrapper hover-type-none\"><img width=\"5550\" height=\"3700\" src=\"https:\/\/lbk.fe.uni-lj.si\/ic\/wp-content\/uploads\/2017\/08\/OK4A7463.jpg\" class=\"attachment-full size-full\" alt=\"\" \/><\/div><\/div><\/li><li class=\"fusion-carousel-item\"><div class=\"fusion-carousel-item-wrapper\"><div class=\"fusion-image-wrapper hover-type-none\"><img width=\"5370\" height=\"3580\" src=\"https:\/\/lbk.fe.uni-lj.si\/ic\/wp-content\/uploads\/2017\/08\/OK4A7429.jpg\" class=\"attachment-full size-full\" alt=\"\" \/><\/div><\/div><\/li><li class=\"fusion-carousel-item\"><div class=\"fusion-carousel-item-wrapper\"><div class=\"fusion-image-wrapper hover-type-none\"><img width=\"5447\" height=\"3632\" src=\"https:\/\/lbk.fe.uni-lj.si\/ic\/wp-content\/uploads\/2017\/08\/OK4A6913.jpg\" class=\"attachment-full size-full\" alt=\"\" \/><\/div><\/div><\/li><li class=\"fusion-carousel-item\"><div class=\"fusion-carousel-item-wrapper\"><div class=\"fusion-image-wrapper hover-type-none\"><img width=\"5694\" height=\"3796\" src=\"https:\/\/lbk.fe.uni-lj.si\/ic\/wp-content\/uploads\/2017\/08\/OK4A1528.jpg\" class=\"attachment-full size-full\" alt=\"\" \/><\/div><\/div><\/li><li class=\"fusion-carousel-item\"><div class=\"fusion-carousel-item-wrapper\"><div class=\"fusion-image-wrapper hover-type-none\"><img width=\"5591\" height=\"3727\" src=\"https:\/\/lbk.fe.uni-lj.si\/ic\/wp-content\/uploads\/2017\/08\/OK4A0775.jpg\" class=\"attachment-full size-full\" alt=\"\" \/><\/div><\/div><\/li><li class=\"fusion-carousel-item\"><div class=\"fusion-carousel-item-wrapper\"><div class=\"fusion-image-wrapper hover-type-none\"><img width=\"5582\" height=\"3721\" src=\"https:\/\/lbk.fe.uni-lj.si\/ic\/wp-content\/uploads\/2017\/08\/241-OK4A3191.jpg\" class=\"attachment-full size-full\" alt=\"\" \/><\/div><\/div><\/li><li class=\"fusion-carousel-item\"><div class=\"fusion-carousel-item-wrapper\"><div class=\"fusion-image-wrapper hover-type-none\"><img width=\"5235\" height=\"3490\" src=\"https:\/\/lbk.fe.uni-lj.si\/ic\/wp-content\/uploads\/2017\/08\/034-OK4A9425.jpg\" class=\"attachment-full size-full\" alt=\"\" \/><\/div><\/div><\/li><li class=\"fusion-carousel-item\"><div class=\"fusion-carousel-item-wrapper\"><div class=\"fusion-image-wrapper hover-type-none\"><img width=\"5130\" height=\"3420\" src=\"https:\/\/lbk.fe.uni-lj.si\/ic\/wp-content\/uploads\/2017\/08\/026-OK4A2231.jpg\" class=\"attachment-full size-full\" alt=\"\" \/><\/div><\/div><\/li><\/ul><div class=\"fusion-carousel-nav\"><span class=\"fusion-nav-prev\"><\/span><span class=\"fusion-nav-next\"><\/span><\/div><\/div><\/div><\/div><div class=\"fusion-text fusion-text-4\"><h2>Obi\u0161\u010dite na\u0161o spletno stran (klik na spodnjo pasico)!<\/h2>\n<\/div><span class=\" fusion-imageframe imageframe-none imageframe-1 hover-type-none\" style=\"border:1px solid #555555;\"><a class=\"fusion-no-lightbox\" href=\"http:\/\/lbk.fe.uni-lj.si\" target=\"_self\" aria-label=\"labLBK-si-01\"><img width=\"1349\" height=\"353\" src=\"https:\/\/lbk.fe.uni-lj.si\/ic\/wp-content\/uploads\/2017\/08\/labLBK-si-01.png\" class=\"img-responsive wp-image-279\"\/><\/a><\/span><div class=\"fusion-clearfix\"><\/div><\/div><\/div><\/div><\/div><div class=\"fusion-fullwidth fullwidth-box fusion-builder-row-2 nonhundred-percent-fullwidth non-hundred-percent-height-scrolling\" style=\"background-color: rgba(255,255,255,0);background-position: center center;background-repeat: no-repeat;padding-top:0px;padding-right:0px;padding-bottom:0px;padding-left:0px;margin-bottom: 0px;margin-top: 0px;border-width: 0px 0px 0px 0px;border-color:#eae9e9;border-style:solid;\" ><div class=\"fusion-builder-row fusion-row\"><div class=\"fusion-layout-column fusion_builder_column fusion-builder-column-1 fusion_builder_column_1_1 1_1 fusion-one-full fusion-column-first fusion-column-last\" style=\"margin-top:0px;margin-bottom:20px;\"><div class=\"fusion-column-wrapper fusion-flex-column-wrapper-legacy\" style=\"background-position:left top;background-repeat:no-repeat;-webkit-background-size:cover;-moz-background-size:cover;-o-background-size:cover;background-size:cover;padding: 0px 0px 0px 0px;\"><div class=\"fusion-text fusion-text-5\"><h2>Nahajamo se tukaj<\/h2>\n<\/div><iframe src=\"https:\/\/www.google.com\/maps\/embed?pb=!1m18!1m12!1m3!1d2769.324723037101!2d14.487204316349802!3d46.044620879112244!2m3!1f0!2f0!3f0!3m2!1i1024!2i768!4f13.1!3m3!1m2!1s0x47652d433879f9bd%3A0x9b26d26974618a1f!2sUniverza%20v%20Ljubljani%2C%20Fakulteta%20za%20elektrotehniko!5e0!3m2!1ssl!2ssi!4v1649677343566!5m2!1ssl!2ssi\" style=\"border:0;width:100%;height:240px;\" allowfullscreen=\"\" loading=\"lazy\" referrerpolicy=\"no-referrer-when-downgrade\"><\/iframe><div class=\"fusion-clearfix\"><\/div><\/div><\/div><\/div><\/div><\/p>\n","protected":false},"excerpt":{"rendered":"","protected":false},"author":1,"featured_media":0,"parent":0,"menu_order":0,"comment_status":"closed","ping_status":"closed","template":"","meta":[],"acf":[],"_links":{"self":[{"href":"https:\/\/lbk.fe.uni-lj.si\/ic\/wp-json\/wp\/v2\/pages\/49"}],"collection":[{"href":"https:\/\/lbk.fe.uni-lj.si\/ic\/wp-json\/wp\/v2\/pages"}],"about":[{"href":"https:\/\/lbk.fe.uni-lj.si\/ic\/wp-json\/wp\/v2\/types\/page"}],"author":[{"embeddable":true,"href":"https:\/\/lbk.fe.uni-lj.si\/ic\/wp-json\/wp\/v2\/users\/1"}],"replies":[{"embeddable":true,"href":"https:\/\/lbk.fe.uni-lj.si\/ic\/wp-json\/wp\/v2\/comments?post=49"}],"version-history":[{"count":32,"href":"https:\/\/lbk.fe.uni-lj.si\/ic\/wp-json\/wp\/v2\/pages\/49\/revisions"}],"predecessor-version":[{"id":713,"href":"https:\/\/lbk.fe.uni-lj.si\/ic\/wp-json\/wp\/v2\/pages\/49\/revisions\/713"}],"wp:attachment":[{"href":"https:\/\/lbk.fe.uni-lj.si\/ic\/wp-json\/wp\/v2\/media?parent=49"}],"curies":[{"name":"wp","href":"https:\/\/api.w.org\/{rel}","templated":true}]}}